{"id":3382,"date":"2024-10-20T13:02:42","date_gmt":"2024-10-20T11:02:42","guid":{"rendered":"https:\/\/app.cleriam.com\/?page_id=3382"},"modified":"2024-10-20T13:02:43","modified_gmt":"2024-10-20T11:02:43","slug":"conditions-generales-dutilisation","status":"publish","type":"page","link":"https:\/\/app.cleriam.com\/index.php\/conditions-generales-dutilisation\/","title":{"rendered":"Conditions g\u00e9n\u00e9rales d&#8217;utilisation"},"content":{"rendered":"\n<h3 class=\"wp-block-heading\">1. Acceptation des Conditions<\/h3>\n\n\n\n<p>En acc\u00e9dant et en utilisant l&#8217;application CLERIAM, vous acceptez de vous conformer aux pr\u00e9sentes conditions d&#8217;utilisation. Si vous n&#8217;acceptez pas ces conditions, veuillez ne pas utiliser l&#8217;application.<\/p>\n\n\n\n<h3 class=\"wp-block-heading\">2. Description du Service<\/h3>\n\n\n\n<p>CLERIAM met \u00e0 disposition des utilisateurs, salari\u00e9s de l\u2019entreprise cliente, des articles de presse, et des services visant \u00e0 aider les salari\u00e9s dans leurs d\u00e9marches administratives li\u00e9es \u00e0 :<br><br>&#8211; La demande d&#8217;aides pour un proche aid\u00e9.<br>&#8211; L&#8217;accompagnement dans la demande de d\u00e9part \u00e0 la retraite et la constitution du dossier de retraite.<br>&#8211; L&#8217;assistance lors du d\u00e9c\u00e8s d&#8217;un proche, y compris la recherche de pompes fun\u00e8bres et l&#8217;aide dans les d\u00e9marches administratives cons\u00e9cutives.<\/p>\n\n\n\n<h3 class=\"wp-block-heading\">3. Mise en Relation avec des Prestataires<\/h3>\n\n\n\n<p>Dans certains cas, CLERIAM peut proposer des services payants, fournis soit par des prestataires externes (ex\u00a0: Prise de rendez-vous avec un ergoth\u00e9rapeute, am\u00e9nagement du logement ou service de la personne aid\u00e9e pour permettre son Maintien au Domicile\u2026) soit directement par CLERIAM (Service d\u00e9l\u00e9gu\u00e9 au montage du dossier et \u00e0 la v\u00e9rification de la carri\u00e8re du salari\u00e9). Le salari\u00e9 est libre de retenir ou refuser le prestataire propos\u00e9 par CLERIAM. CLERIAM s\u2019attache \u00e0 s\u00e9lectionner sur des crit\u00e8res de qualit\u00e9 les prestataires ext\u00e9rieur, mais la responsabilit\u00e9 en cas de manquement du prestataire mis en relation, ne saurait \u00eatre imput\u00e9e \u00e0 CLERIAM. Enfin CLERIAM met \u00e0 la disposition des salari\u00e9s en demande des services, une application de type IziFamily, permettant de simplifier toutes les d\u00e9marches administratives. Dans ce cas, l\u2019utilisateur est r\u00e9put\u00e9 avoir accept\u00e9 les CGU et CGV du site mis \u00e0 disposition. Dans ces Nous ne sommes pas responsables des services fournis par ces tiers.<\/p>\n\n\n\n<h3 class=\"wp-block-heading\">4. Utilisation de l&#8217;Application<\/h3>\n\n\n\n<p>Vous vous engagez \u00e0 utiliser l&#8217;application uniquement \u00e0 des fins l\u00e9gales et conform\u00e9ment aux lois en vigueur. Vous vous engagez \u00e9galement \u00e0 ne pas perturber le fonctionnement de l&#8217;application ou \u00e0 nuire \u00e0 l&#8217;exp\u00e9rience des autres utilisateurs.<\/p>\n\n\n\n<h3 class=\"wp-block-heading\">5. Propri\u00e9t\u00e9 Intellectuelle<\/h3>\n\n\n\n<p>Tous les contenus, marques, logos et autres \u00e9l\u00e9ments pr\u00e9sents dans l&#8217;application sont prot\u00e9g\u00e9s par des droits de propri\u00e9t\u00e9 intellectuelle. Vous n&#8217;\u00eates pas autoris\u00e9 \u00e0 reproduire, distribuer ou modifier ces \u00e9l\u00e9ments sans l&#8217;autorisation expresse de CLERIAM.<\/p>\n\n\n\n<h2 class=\"wp-block-heading\">6. Limitation de Responsabilit\u00e9<\/h2>\n\n\n\n<p>CLERIAM ne pourra \u00eatre tenu responsable des dommages directs ou indirects r\u00e9sultant de l&#8217;utilisation de l&#8217;application, y compris, mais sans s&#8217;y limiter, les pertes de donn\u00e9es ou les interruptions de service.<\/p>\n\n\n\n<h3 class=\"wp-block-heading\">7. Modifications des Conditions<\/h3>\n\n\n\n<p>CLERIAM se r\u00e9serve le droit de modifier ces conditions d&#8217;utilisation \u00e0 tout moment. Les utilisateurs seront inform\u00e9s des modifications et leur utilisation continue de l&#8217;application constituera leur acceptation des nouvelles conditions.<\/p>\n\n\n\n<h3 class=\"wp-block-heading\">8. Droit Applicable<\/h3>\n\n\n\n<p>Ces conditions d&#8217;utilisation sont r\u00e9gies par la l\u00e9gislation en vigueur en France o\u00f9 CLERIAM est \u00e9tabli.<\/p>\n\n\n\n<h3 class=\"wp-block-heading\">9. Contact<\/h3>\n\n\n\n<p>Pour toute question concernant ces conditions d&#8217;utilisation, veuillez nous contacter via l&#8217;application.<br><\/p>\n","protected":false},"excerpt":{"rendered":"<p>1. Acceptation des Conditions En acc\u00e9dant et en utilisant l&#8217;application CLERIAM, vous acceptez de vous conformer aux pr\u00e9sentes conditions d&#8217;utilisation. Si vous n&#8217;acceptez pas ces conditions, veuillez ne pas utiliser l&#8217;application. 2. Description du Service CLERIAM met \u00e0 disposition des utilisateurs, salari\u00e9s de l\u2019entreprise cliente, des articles de presse, et des services visant \u00e0 aider [&hellip;]<\/p>\n","protected":false},"author":1,"featured_media":0,"parent":0,"menu_order":0,"comment_status":"closed","ping_status":"closed","template":"","meta":{"footnotes":""},"class_list":["post-3382","page","type-page","status-publish","hentry"],"_links":{"self":[{"href":"https:\/\/app.cleriam.com\/index.php\/wp-json\/wp\/v2\/pages\/3382","targetHints":{"allow":["GET"]}}],"collection":[{"href":"https:\/\/app.cleriam.com\/index.php\/wp-json\/wp\/v2\/pages"}],"about":[{"href":"https:\/\/app.cleriam.com\/index.php\/wp-json\/wp\/v2\/types\/page"}],"author":[{"embeddable":true,"href":"https:\/\/app.cleriam.com\/index.php\/wp-json\/wp\/v2\/users\/1"}],"replies":[{"embeddable":true,"href":"https:\/\/app.cleriam.com\/index.php\/wp-json\/wp\/v2\/comments?post=3382"}],"version-history":[{"count":1,"href":"https:\/\/app.cleriam.com\/index.php\/wp-json\/wp\/v2\/pages\/3382\/revisions"}],"predecessor-version":[{"id":3383,"href":"https:\/\/app.cleriam.com\/index.php\/wp-json\/wp\/v2\/pages\/3382\/revisions\/3383"}],"wp:attachment":[{"href":"https:\/\/app.cleriam.com\/index.php\/wp-json\/wp\/v2\/media?parent=3382"}],"curies":[{"name":"wp","href":"https:\/\/api.w.org\/{rel}","templated":true}]}}