{"id":8,"date":"2024-09-24T18:22:11","date_gmt":"2024-09-24T16:22:11","guid":{"rendered":"https:\/\/app.cleriam.com\/?page_id=8"},"modified":"2024-10-30T18:00:41","modified_gmt":"2024-10-30T17:00:41","slug":"contact","status":"publish","type":"page","link":"https:\/\/app.cleriam.com\/index.php\/contact\/","title":{"rendered":"\u00catre rappel\u00e9"},"content":{"rendered":"Afin d'acc\u00e9der \u00e0 ce contenu merci de vous connecter ou de cr\u00e9er un compte.","protected":false},"excerpt":{"rendered":"","protected":false},"author":1,"featured_media":0,"parent":0,"menu_order":0,"comment_status":"closed","ping_status":"closed","template":"","meta":{"footnotes":""},"class_list":["post-8","page","type-page","status-publish","hentry"],"_links":{"self":[{"href":"https:\/\/app.cleriam.com\/index.php\/wp-json\/wp\/v2\/pages\/8","targetHints":{"allow":["GET"]}}],"collection":[{"href":"https:\/\/app.cleriam.com\/index.php\/wp-json\/wp\/v2\/pages"}],"about":[{"href":"https:\/\/app.cleriam.com\/index.php\/wp-json\/wp\/v2\/types\/page"}],"author":[{"embeddable":true,"href":"https:\/\/app.cleriam.com\/index.php\/wp-json\/wp\/v2\/users\/1"}],"replies":[{"embeddable":true,"href":"https:\/\/app.cleriam.com\/index.php\/wp-json\/wp\/v2\/comments?post=8"}],"version-history":[{"count":20,"href":"https:\/\/app.cleriam.com\/index.php\/wp-json\/wp\/v2\/pages\/8\/revisions"}],"predecessor-version":[{"id":3410,"href":"https:\/\/app.cleriam.com\/index.php\/wp-json\/wp\/v2\/pages\/8\/revisions\/3410"}],"wp:attachment":[{"href":"https:\/\/app.cleriam.com\/index.php\/wp-json\/wp\/v2\/media?parent=8"}],"curies":[{"name":"wp","href":"https:\/\/api.w.org\/{rel}","templated":true}]}}