{"id":9,"date":"2024-09-24T18:22:11","date_gmt":"2024-09-24T16:22:11","guid":{"rendered":"https:\/\/app.cleriam.com\/?page_id=9"},"modified":"2024-10-06T15:58:21","modified_gmt":"2024-10-06T13:58:21","slug":"blog","status":"publish","type":"page","link":"https:\/\/app.cleriam.com\/index.php\/blog\/","title":{"rendered":"Articles"},"content":{"rendered":"\n<div class=\"wp-block-query has-global-padding is-layout-constrained wp-block-query-is-layout-constrained\">\n\n\n<div class=\"wp-block-group is-layout-flow wp-block-group-is-layout-flow\" style=\"margin-top:0;margin-bottom:0;padding-top:var(--wp--preset--spacing--50);padding-right:0;padding-bottom:var(--wp--preset--spacing--50);padding-left:0\"><ul class=\"alignfull wp-block-post-template is-layout-flow wp-container-core-post-template-is-layout-09c064ec wp-block-post-template-is-layout-flow\"><li class=\"wp-block-post post-3361 post type-post status-publish format-standard hentry category-aidant\">\n<figure style=\"aspect-ratio:3\/2; margin-bottom:var(--wp--preset--spacing--20);\" class=\"wp-block-post-featured-image\"><a href=\"https:\/\/app.cleriam.com\/index.php\/2024\/10\/06\/les-aidants-un-soutien-essentiel-au-coeur-de-nos-societes\/\" target=\"_self\"  ><img loading=\"lazy\" decoding=\"async\" width=\"1440\" height=\"720\" src=\"https:\/\/app.cleriam.com\/wp-content\/uploads\/2024\/10\/aidants-familiaux.jpg\" class=\"attachment-post-thumbnail size-post-thumbnail wp-post-image\" alt=\"Les Aidants : Un Soutien Essentiel au C\u0153ur de Nos Soci\u00e9t\u00e9s\" style=\"width:100%;height:100%;object-fit:cover;\" srcset=\"https:\/\/app.cleriam.com\/wp-content\/uploads\/2024\/10\/aidants-familiaux.jpg 1440w, https:\/\/app.cleriam.com\/wp-content\/uploads\/2024\/10\/aidants-familiaux-300x150.jpg 300w, https:\/\/app.cleriam.com\/wp-content\/uploads\/2024\/10\/aidants-familiaux-1024x512.jpg 1024w, https:\/\/app.cleriam.com\/wp-content\/uploads\/2024\/10\/aidants-familiaux-768x384.jpg 768w\" sizes=\"auto, (max-width: 1440px) 100vw, 1440px\" \/><\/a><\/figure>\n\n\n<div class=\"wp-block-group is-vertical is-nowrap is-layout-flex wp-container-core-group-is-layout-9bc6ff26 wp-block-group-is-layout-flex\"><h2 style=\"margin-bottom:0;\" class=\"wp-block-post-title has-x-large-font-size\"><a href=\"https:\/\/app.cleriam.com\/index.php\/2024\/10\/06\/les-aidants-un-soutien-essentiel-au-coeur-de-nos-societes\/\" target=\"_self\" >Les Aidants : Un Soutien Essentiel au C\u0153ur de Nos Soci\u00e9t\u00e9s<\/a><\/h2>\n\n<div class=\"wp-block-template-part\">\n\n<div class=\"wp-block-group has-global-padding is-layout-constrained wp-block-group-is-layout-constrained\">\n\t\n\t<div class=\"wp-block-group is-content-justification-left is-layout-flex wp-container-core-group-is-layout-dfe8e91f wp-block-group-is-layout-flex\">\n\t\t<div class=\"wp-block-post-date\"><time datetime=\"2024-10-06T16:33:47+02:00\"><a href=\"https:\/\/app.cleriam.com\/index.php\/2024\/10\/06\/les-aidants-un-soutien-essentiel-au-coeur-de-nos-societes\/\">Oct 6, 2024<\/a><\/time><\/div>\n\n\t\t\n\t\t<p class=\"has-contrast-2-color has-text-color\">\u2014<\/p>\n\t\t\n\n\t\t\n\t\t<p class=\"has-small-font-size has-contrast-2-color has-text-color\">par<\/p>\n\t\t\n\n\t\t<div class=\"wp-block-post-author-name\"><a href=\"https:\/\/app.cleriam.com\/index.php\/author\/admin7684\/\" target=\"_self\" class=\"wp-block-post-author-name__link\">Fabien Panier<\/a><\/div>\n\n\t\t<div class=\"taxonomy-category wp-block-post-terms\"><span class=\"wp-block-post-terms__prefix\">dans <\/span><a href=\"https:\/\/app.cleriam.com\/index.php\/category\/aidant\/\" rel=\"tag\">Aidant<\/a><\/div>\n\n\t<\/div>\n\t\n<\/div>\n\n\n<\/div>\n\n<div class=\"wp-block-post-excerpt has-small-font-size\"><p class=\"wp-block-post-excerpt__excerpt\"> <\/p><\/div>\n\n\n<div style=\"height:0px\" aria-hidden=\"true\" class=\"wp-block-spacer wp-container-content-32e3a40d\"><\/div>\n<\/div>\n\n<\/li><li class=\"wp-block-post post-54 post type-post status-publish format-standard has-post-thumbnail hentry category-retraite\">\n<figure style=\"aspect-ratio:3\/2; margin-bottom:var(--wp--preset--spacing--20);\" class=\"wp-block-post-featured-image\"><a href=\"https:\/\/app.cleriam.com\/index.php\/2024\/09\/25\/comment-bien-preparer-sa-retraite-guide-pratique\/\" target=\"_self\"  ><img loading=\"lazy\" decoding=\"async\" width=\"1024\" height=\"596\" src=\"https:\/\/app.cleriam.com\/wp-content\/uploads\/2024\/09\/comment-bien-preparer-retraite-1024x596-1.jpg\" class=\"attachment-post-thumbnail size-post-thumbnail wp-post-image\" alt=\"Comment Bien Pr\u00e9parer sa Retraite : Guide Pratique\" style=\"width:100%;height:100%;object-fit:cover;\" srcset=\"https:\/\/app.cleriam.com\/wp-content\/uploads\/2024\/09\/comment-bien-preparer-retraite-1024x596-1.jpg 1024w, https:\/\/app.cleriam.com\/wp-content\/uploads\/2024\/09\/comment-bien-preparer-retraite-1024x596-1-300x175.jpg 300w, https:\/\/app.cleriam.com\/wp-content\/uploads\/2024\/09\/comment-bien-preparer-retraite-1024x596-1-768x447.jpg 768w\" sizes=\"auto, (max-width: 1024px) 100vw, 1024px\" \/><\/a><\/figure>\n\n\n<div class=\"wp-block-group is-vertical is-nowrap is-layout-flex wp-container-core-group-is-layout-9bc6ff26 wp-block-group-is-layout-flex\"><h2 style=\"margin-bottom:0;\" class=\"wp-block-post-title has-x-large-font-size\"><a href=\"https:\/\/app.cleriam.com\/index.php\/2024\/09\/25\/comment-bien-preparer-sa-retraite-guide-pratique\/\" target=\"_self\" >Comment Bien Pr\u00e9parer sa Retraite : Guide Pratique<\/a><\/h2>\n\n<div class=\"wp-block-template-part\">\n\n<div class=\"wp-block-group has-global-padding is-layout-constrained wp-block-group-is-layout-constrained\">\n\t\n\t<div class=\"wp-block-group is-content-justification-left is-layout-flex wp-container-core-group-is-layout-dfe8e91f wp-block-group-is-layout-flex\">\n\t\t<div class=\"wp-block-post-date\"><time datetime=\"2024-09-25T18:50:17+02:00\"><a href=\"https:\/\/app.cleriam.com\/index.php\/2024\/09\/25\/comment-bien-preparer-sa-retraite-guide-pratique\/\">Sep 25, 2024<\/a><\/time><\/div>\n\n\t\t\n\t\t<p class=\"has-contrast-2-color has-text-color\">\u2014<\/p>\n\t\t\n\n\t\t\n\t\t<p class=\"has-small-font-size has-contrast-2-color has-text-color\">par<\/p>\n\t\t\n\n\t\t<div class=\"wp-block-post-author-name\"><a href=\"https:\/\/app.cleriam.com\/index.php\/author\/admin7684\/\" target=\"_self\" class=\"wp-block-post-author-name__link\">Fabien Panier<\/a><\/div>\n\n\t\t<div class=\"taxonomy-category wp-block-post-terms\"><span class=\"wp-block-post-terms__prefix\">dans <\/span><a href=\"https:\/\/app.cleriam.com\/index.php\/category\/retraite\/\" rel=\"tag\">Retraite<\/a><\/div>\n\n\t<\/div>\n\t\n<\/div>\n\n\n<\/div>\n\n<div class=\"wp-block-post-excerpt has-small-font-size\"><p class=\"wp-block-post-excerpt__excerpt\">La retraite est une \u00e9tape importante de la vie, marquant la fin de la carri\u00e8re professionnelle et le d\u00e9but d&#8217;une nouvelle phase. Pourtant, pour beaucoup, elle peut sembler incertaine, notamment sur le plan financier. Se pr\u00e9parer \u00e0 la retraite est essentiel pour garantir une transition sereine et profiter pleinement de ce moment. Voici un guide\u2026 <\/p><\/div>\n\n\n<div style=\"height:0px\" aria-hidden=\"true\" class=\"wp-block-spacer wp-container-content-32e3a40d\"><\/div>\n<\/div>\n\n<\/li><\/ul>\n\n\n<div style=\"margin-top:0;margin-bottom:0;height:var(--wp--preset--spacing--50)\" aria-hidden=\"true\" class=\"wp-block-spacer\"><\/div>\n\n\n<\/div>\n<\/div>\n","protected":false},"excerpt":{"rendered":"","protected":false},"author":1,"featured_media":0,"parent":0,"menu_order":0,"comment_status":"closed","ping_status":"closed","template":"","meta":{"footnotes":""},"class_list":["post-9","page","type-page","status-publish","hentry"],"_links":{"self":[{"href":"https:\/\/app.cleriam.com\/index.php\/wp-json\/wp\/v2\/pages\/9","targetHints":{"allow":["GET"]}}],"collection":[{"href":"https:\/\/app.cleriam.com\/index.php\/wp-json\/wp\/v2\/pages"}],"about":[{"href":"https:\/\/app.cleriam.com\/index.php\/wp-json\/wp\/v2\/types\/page"}],"author":[{"embeddable":true,"href":"https:\/\/app.cleriam.com\/index.php\/wp-json\/wp\/v2\/users\/1"}],"replies":[{"embeddable":true,"href":"https:\/\/app.cleriam.com\/index.php\/wp-json\/wp\/v2\/comments?post=9"}],"version-history":[{"count":4,"href":"https:\/\/app.cleriam.com\/index.php\/wp-json\/wp\/v2\/pages\/9\/revisions"}],"predecessor-version":[{"id":3345,"href":"https:\/\/app.cleriam.com\/index.php\/wp-json\/wp\/v2\/pages\/9\/revisions\/3345"}],"wp:attachment":[{"href":"https:\/\/app.cleriam.com\/index.php\/wp-json\/wp\/v2\/media?parent=9"}],"curies":[{"name":"wp","href":"https:\/\/api.w.org\/{rel}","templated":true}]}}